{"id":2412,"date":"2022-04-25T10:48:48","date_gmt":"2022-04-25T10:48:48","guid":{"rendered":"https:\/\/zenner.fi\/?page_id=2412"},"modified":"2022-05-02T11:23:06","modified_gmt":"2022-05-02T11:23:06","slug":"acoustical-design","status":"publish","type":"page","link":"https:\/\/zenner.fi\/en\/design-services\/acoustical-design\/","title":{"rendered":"Acoustical design"},"content":{"rendered":"\t\t<div data-elementor-type=\"wp-page\" data-elementor-id=\"2412\" class=\"elementor elementor-2412\" data-elementor-post-type=\"page\">\n\t\t\t\t\t\t<section class=\"elementor-section elementor-top-section elementor-element elementor-element-1bb0614 elementor-section-boxed elementor-section-height-default elementor-section-height-default\" data-id=\"1bb0614\" data-element_type=\"section\" data-e-type=\"section\" data-settings=\"{&quot;background_background&quot;:&quot;classic&quot;}\">\n\t\t\t\t\t\t<div class=\"elementor-container elementor-column-gap-default\">\n\t\t\t\t\t<div class=\"elementor-column elementor-col-50 elementor-top-column elementor-element elementor-element-fe7ba95\" data-id=\"fe7ba95\" data-element_type=\"column\" data-e-type=\"column\">\n\t\t\t<div class=\"elementor-widget-wrap elementor-element-populated\">\n\t\t\t\t\t\t<div class=\"elementor-element elementor-element-43c65af elementor-widget elementor-widget-image\" data-id=\"43c65af\" data-element_type=\"widget\" data-e-type=\"widget\" data-widget_type=\"image.default\">\n\t\t\t\t<div class=\"elementor-widget-container\">\n\t\t\t\t\t\t\t\t\t\t\t\t\t\t\t<img fetchpriority=\"high\" decoding=\"async\" width=\"512\" height=\"512\" src=\"https:\/\/zenner.fi\/wp-content\/uploads\/sites\/3\/2022\/04\/2.png\" class=\"attachment-large size-large wp-image-2147\" alt=\"\" srcset=\"https:\/\/zenner.fi\/wp-content\/uploads\/sites\/3\/2022\/04\/2.png 512w, https:\/\/zenner.fi\/wp-content\/uploads\/sites\/3\/2022\/04\/2-300x300.png 300w, https:\/\/zenner.fi\/wp-content\/uploads\/sites\/3\/2022\/04\/2-150x150.png 150w, https:\/\/zenner.fi\/wp-content\/uploads\/sites\/3\/2022\/04\/2-24x24.png 24w, https:\/\/zenner.fi\/wp-content\/uploads\/sites\/3\/2022\/04\/2-36x36.png 36w, https:\/\/zenner.fi\/wp-content\/uploads\/sites\/3\/2022\/04\/2-48x48.png 48w\" sizes=\"(max-width: 512px) 100vw, 512px\" \/>\t\t\t\t\t\t\t\t\t\t\t\t\t\t\t<\/div>\n\t\t\t\t<\/div>\n\t\t\t\t\t<\/div>\n\t\t<\/div>\n\t\t\t\t<div class=\"elementor-column elementor-col-50 elementor-top-column elementor-element elementor-element-15bc7d1\" data-id=\"15bc7d1\" data-element_type=\"column\" data-e-type=\"column\">\n\t\t\t<div class=\"elementor-widget-wrap elementor-element-populated\">\n\t\t\t\t\t\t<div class=\"elementor-element elementor-element-92224d7 elementor-widget elementor-widget-heading\" data-id=\"92224d7\" data-element_type=\"widget\" data-e-type=\"widget\" data-widget_type=\"heading.default\">\n\t\t\t\t<div class=\"elementor-widget-container\">\n\t\t\t\t\t<h1 class=\"elementor-heading-title elementor-size-default\">Acoustical design<\/h1>\t\t\t\t<\/div>\n\t\t\t\t<\/div>\n\t\t\t\t\t<\/div>\n\t\t<\/div>\n\t\t\t\t\t<\/div>\n\t\t<\/section>\n\t\t\t\t<section class=\"elementor-section elementor-top-section elementor-element elementor-element-4b5cee71 elementor-section-boxed elementor-section-height-default elementor-section-height-default\" data-id=\"4b5cee71\" data-element_type=\"section\" data-e-type=\"section\">\n\t\t\t\t\t\t<div class=\"elementor-container elementor-column-gap-default\">\n\t\t\t\t\t<div class=\"elementor-column elementor-col-66 elementor-top-column elementor-element elementor-element-15d5fbd5\" data-id=\"15d5fbd5\" data-element_type=\"column\" data-e-type=\"column\">\n\t\t\t<div class=\"elementor-widget-wrap elementor-element-populated\">\n\t\t\t\t\t\t<div class=\"elementor-element elementor-element-15613a92 elementor-widget elementor-widget-text-editor\" data-id=\"15613a92\" data-element_type=\"widget\" data-e-type=\"widget\" data-widget_type=\"text-editor.default\">\n\t\t\t\t<div class=\"elementor-widget-container\">\n\t\t\t\t\t\t\t\t\t<p>We are experts in the measurement and design of acoustics. The importance of acoustical design in construction projects has grown in recent years, and the best results come from including acoustics in the planning phase of any project, right from the very start.<\/p><p>At Zenner Engineers, we design room and building acoustics for offices, factories, schools, hospitals, and residential buildings. One of our particular areas of expertise is the acoustics design of loft apartments, which is extremely important for the comfort of both the people who live in them, and those who live underneath them.<\/p><p>Acoustics and noise design is becoming ever more important as continuing urbanization puts buildings closer and closer to main traffic routes. We design, calculate, and model the sound insulation of structures to ensure that indoor noise levels follow legislative guidelines. In addition, we do noise modelling and create noise charts and plans for road, rail traffic, and environmental noise control.<\/p><p>We also design noise control for equipment and machinery, make vibration measurements, and design vibration control.<\/p>\t\t\t\t\t\t\t\t<\/div>\n\t\t\t\t<\/div>\n\t\t\t\t\t<\/div>\n\t\t<\/div>\n\t\t\t\t<div class=\"elementor-column elementor-col-33 elementor-top-column elementor-element elementor-element-709e8c11\" data-id=\"709e8c11\" data-element_type=\"column\" data-e-type=\"column\">\n\t\t\t<div class=\"elementor-widget-wrap elementor-element-populated\">\n\t\t\t\t\t\t<div class=\"elementor-element elementor-element-34240cbf elementor-widget elementor-widget-heading\" data-id=\"34240cbf\" data-element_type=\"widget\" data-e-type=\"widget\" data-widget_type=\"heading.default\">\n\t\t\t\t<div class=\"elementor-widget-container\">\n\t\t\t\t\t<h3 class=\"elementor-heading-title elementor-size-default\">DESIGN SERVICES<\/h3>\t\t\t\t<\/div>\n\t\t\t\t<\/div>\n\t\t\t\t<div class=\"elementor-element elementor-element-fac8b32 elementor-widget-divider--view-line elementor-widget elementor-widget-divider\" data-id=\"fac8b32\" data-element_type=\"widget\" data-e-type=\"widget\" data-widget_type=\"divider.default\">\n\t\t\t\t<div class=\"elementor-widget-container\">\n\t\t\t\t\t\t\t<div class=\"elementor-divider\">\n\t\t\t<span class=\"elementor-divider-separator\">\n\t\t\t\t\t\t<\/span>\n\t\t<\/div>\n\t\t\t\t\t\t<\/div>\n\t\t\t\t<\/div>\n\t\t\t\t<div class=\"elementor-element elementor-element-669acb50 elementor-widget elementor-widget-text-editor\" data-id=\"669acb50\" data-element_type=\"widget\" data-e-type=\"widget\" data-widget_type=\"text-editor.default\">\n\t\t\t\t<div class=\"elementor-widget-container\">\n\t\t\t\t\t\t\t\t\t<p><a href=\"https:\/\/zenner.fi\/en\/design-services\/hvac-and-plumbing-design\/\">HVAC and plumbing design<\/a><\/p><p><a href=\"https:\/\/zenner.fi\/en\/design-services\/acoustical-design\/\">Acoustical design<\/a><\/p><p><a href=\"https:\/\/zenner.fi\/en\/design-services\/pneumatic-tube-system-design\/\">Pneumatic tube system design<\/a><\/p>\t\t\t\t\t\t\t\t<\/div>\n\t\t\t\t<\/div>\n\t\t\t\t<div class=\"elementor-element elementor-element-1257ded3 elementor-widget elementor-widget-heading\" data-id=\"1257ded3\" data-element_type=\"widget\" data-e-type=\"widget\" data-widget_type=\"heading.default\">\n\t\t\t\t<div class=\"elementor-widget-container\">\n\t\t\t\t\t<h3 class=\"elementor-heading-title elementor-size-default\">MEASURING SERVICES<\/h3>\t\t\t\t<\/div>\n\t\t\t\t<\/div>\n\t\t\t\t<div class=\"elementor-element elementor-element-2ccff2c5 elementor-widget-divider--view-line elementor-widget elementor-widget-divider\" data-id=\"2ccff2c5\" data-element_type=\"widget\" data-e-type=\"widget\" data-widget_type=\"divider.default\">\n\t\t\t\t<div class=\"elementor-widget-container\">\n\t\t\t\t\t\t\t<div class=\"elementor-divider\">\n\t\t\t<span class=\"elementor-divider-separator\">\n\t\t\t\t\t\t<\/span>\n\t\t<\/div>\n\t\t\t\t\t\t<\/div>\n\t\t\t\t<\/div>\n\t\t\t\t<div class=\"elementor-element elementor-element-6c633d0f elementor-widget elementor-widget-text-editor\" data-id=\"6c633d0f\" data-element_type=\"widget\" data-e-type=\"widget\" data-widget_type=\"text-editor.default\">\n\t\t\t\t<div class=\"elementor-widget-container\">\n\t\t\t\t\t\t\t\t\t<p><a href=\"https:\/\/zenner.fi\/en\/measuring-services\/laboratory-measurements\/\">Laboratory measurements<\/a><\/p><p><a href=\"https:\/\/zenner.fi\/en\/measuring-services\/field-measurements\/\">Field measurements<\/a><\/p>\t\t\t\t\t\t\t\t<\/div>\n\t\t\t\t<\/div>\n\t\t\t\t<div class=\"elementor-element elementor-element-5e801a49 elementor-widget elementor-widget-heading\" data-id=\"5e801a49\" data-element_type=\"widget\" data-e-type=\"widget\" data-widget_type=\"heading.default\">\n\t\t\t\t<div class=\"elementor-widget-container\">\n\t\t\t\t\t<h3 class=\"elementor-heading-title elementor-size-default\">RECENT POSTS<\/h3>\t\t\t\t<\/div>\n\t\t\t\t<\/div>\n\t\t\t\t<div class=\"elementor-element elementor-element-6d2fa2e3 elementor-widget-divider--view-line elementor-widget elementor-widget-divider\" data-id=\"6d2fa2e3\" data-element_type=\"widget\" data-e-type=\"widget\" data-widget_type=\"divider.default\">\n\t\t\t\t<div class=\"elementor-widget-container\">\n\t\t\t\t\t\t\t<div class=\"elementor-divider\">\n\t\t\t<span class=\"elementor-divider-separator\">\n\t\t\t\t\t\t<\/span>\n\t\t<\/div>\n\t\t\t\t\t\t<\/div>\n\t\t\t\t<\/div>\n\t\t\t\t<div class=\"elementor-element elementor-element-1ee7bc31 elementor-grid-1 elementor-grid-tablet-1 elementor-posts--thumbnail-none elementor-grid-mobile-1 elementor-widget elementor-widget-posts\" data-id=\"1ee7bc31\" data-element_type=\"widget\" data-e-type=\"widget\" data-settings=\"{&quot;classic_columns&quot;:&quot;1&quot;,&quot;classic_columns_tablet&quot;:&quot;1&quot;,&quot;classic_row_gap&quot;:{&quot;unit&quot;:&quot;px&quot;,&quot;size&quot;:14,&quot;sizes&quot;:[]},&quot;classic_columns_mobile&quot;:&quot;1&quot;,&quot;classic_row_gap_tablet&quot;:{&quot;unit&quot;:&quot;px&quot;,&quot;size&quot;:&quot;&quot;,&quot;sizes&quot;:[]},&quot;classic_row_gap_mobile&quot;:{&quot;unit&quot;:&quot;px&quot;,&quot;size&quot;:&quot;&quot;,&quot;sizes&quot;:[]}}\" data-widget_type=\"posts.classic\">\n\t\t\t\t<div class=\"elementor-widget-container\">\n\t\t\t\t\t\t\t<div class=\"elementor-posts-container elementor-posts elementor-posts--skin-classic elementor-grid\">\n\t\t\t\t<article class=\"elementor-post elementor-grid-item post-2489 post type-post status-publish format-standard has-post-thumbnail hentry category-uncategorized\">\n\t\t\t\t<div class=\"elementor-post__text\">\n\t\t\t\t<h3 class=\"elementor-post__title\">\n\t\t\t<a href=\"https:\/\/zenner.fi\/en\/uncategorized\/zenner-joins-the-future-hospital-oys2030-project\/\" >\n\t\t\t\tZenner joins the Future Hospital OYS2030 project\t\t\t<\/a>\n\t\t<\/h3>\n\t\t\t\t<\/div>\n\t\t\t\t<\/article>\n\t\t\t\t<\/div>\n\t\t\n\t\t\t\t\t\t<\/div>\n\t\t\t\t<\/div>\n\t\t\t\t\t<\/div>\n\t\t<\/div>\n\t\t\t\t\t<\/div>\n\t\t<\/section>\n\t\t\t\t<section class=\"elementor-section elementor-top-section elementor-element elementor-element-5ffa1da4 elementor-section-boxed elementor-section-height-default elementor-section-height-default\" data-id=\"5ffa1da4\" data-element_type=\"section\" data-e-type=\"section\" data-settings=\"{&quot;background_background&quot;:&quot;classic&quot;}\">\n\t\t\t\t\t\t<div class=\"elementor-container elementor-column-gap-default\">\n\t\t\t\t\t<div class=\"elementor-column elementor-col-100 elementor-top-column elementor-element elementor-element-51993e40\" data-id=\"51993e40\" data-element_type=\"column\" data-e-type=\"column\">\n\t\t\t<div class=\"elementor-widget-wrap elementor-element-populated\">\n\t\t\t\t\t\t<div class=\"elementor-element elementor-element-40a7a544 elementor-widget elementor-widget-heading\" data-id=\"40a7a544\" data-element_type=\"widget\" data-e-type=\"widget\" data-widget_type=\"heading.default\">\n\t\t\t\t<div class=\"elementor-widget-container\">\n\t\t\t\t\t<h2 class=\"elementor-heading-title elementor-size-default\">WANT MORE INFORMATION?\n<\/h2>\t\t\t\t<\/div>\n\t\t\t\t<\/div>\n\t\t\t\t<div class=\"elementor-element elementor-element-6a93ceac elementor-widget elementor-widget-text-editor\" data-id=\"6a93ceac\" data-element_type=\"widget\" data-e-type=\"widget\" data-widget_type=\"text-editor.default\">\n\t\t\t\t<div class=\"elementor-widget-container\">\n\t\t\t\t\t\t\t\t\t<p>Would you like more information about our services?<\/p>\t\t\t\t\t\t\t\t<\/div>\n\t\t\t\t<\/div>\n\t\t\t\t<div class=\"elementor-element elementor-element-2eaf1655 elementor-align-center elementor-widget elementor-widget-button\" data-id=\"2eaf1655\" data-element_type=\"widget\" data-e-type=\"widget\" data-widget_type=\"button.default\">\n\t\t\t\t<div class=\"elementor-widget-container\">\n\t\t\t\t\t\t\t\t\t<div class=\"elementor-button-wrapper\">\n\t\t\t\t\t<a class=\"elementor-button elementor-button-link elementor-size-sm\" href=\"https:\/\/zenner.fi\/en\/contact\/\">\n\t\t\t\t\t\t<span class=\"elementor-button-content-wrapper\">\n\t\t\t\t\t\t\t\t\t<span class=\"elementor-button-text\">contact us<\/span>\n\t\t\t\t\t<\/span>\n\t\t\t\t\t<\/a>\n\t\t\t\t<\/div>\n\t\t\t\t\t\t\t\t<\/div>\n\t\t\t\t<\/div>\n\t\t\t\t\t<\/div>\n\t\t<\/div>\n\t\t\t\t\t<\/div>\n\t\t<\/section>\n\t\t\t\t<\/div>\n\t\t","protected":false},"excerpt":{"rendered":"<p>Acoustical design We are experts in the measurement and design of acoustics. The importance of acoustical design in construction projects has grown in recent years,<\/p>\n","protected":false},"author":2,"featured_media":2065,"parent":2372,"menu_order":0,"comment_status":"closed","ping_status":"closed","template":"","meta":{"_acf_changed":false,"site-sidebar-layout":"no-sidebar","site-content-layout":"page-builder","ast-site-content-layout":"full-width-container","site-content-style":"unboxed","site-sidebar-style":"unboxed","ast-global-header-display":"","ast-banner-title-visibility":"","ast-main-header-display":"","ast-hfb-above-header-display":"","ast-hfb-below-header-display":"","ast-hfb-mobile-header-display":"","site-post-title":"disabled","ast-breadcrumbs-content":"","ast-featured-img":"disabled","footer-sml-layout":"","theme-transparent-header-meta":"default","adv-header-id-meta":"","stick-header-meta":"","header-above-stick-meta":"","header-main-stick-meta":"","header-below-stick-meta":"","astra-migrate-meta-layouts":"default","ast-page-background-enabled":"default","ast-page-background-meta":{"desktop":{"background-color":"var(--ast-global-color-4)","background-image":"","background-repeat":"repeat","background-position":"center center","background-size":"auto","background-attachment":"scroll","background-type":"","background-media":"","overlay-type":"","overlay-color":"","overlay-opacity":"","overlay-gradient":""},"tablet":{"background-color":"","background-image":"","background-repeat":"repeat","background-position":"center center","background-size":"auto","background-attachment":"scroll","background-type":"","background-media":"","overlay-type":"","overlay-color":"","overlay-opacity":"","overlay-gradient":""},"mobile":{"background-color":"","background-image":"","background-repeat":"repeat","background-position":"center center","background-size":"auto","background-attachment":"scroll","background-type":"","background-media":"","overlay-type":"","overlay-color":"","overlay-opacity":"","overlay-gradient":""}},"ast-content-background-meta":{"desktop":{"background-color":"var(--ast-global-color-5)","background-image":"","background-repeat":"repeat","background-position":"center center","background-size":"auto","background-attachment":"scroll","background-type":"","background-media":"","overlay-type":"","overlay-color":"","overlay-opacity":"","overlay-gradient":""},"tablet":{"background-color":"var(--ast-global-color-5)","background-image":"","background-repeat":"repeat","background-position":"center center","background-size":"auto","background-attachment":"scroll","background-type":"","background-media":"","overlay-type":"","overlay-color":"","overlay-opacity":"","overlay-gradient":""},"mobile":{"background-color":"var(--ast-global-color-5)","background-image":"","background-repeat":"repeat","background-position":"center center","background-size":"auto","background-attachment":"scroll","background-type":"","background-media":"","overlay-type":"","overlay-color":"","overlay-opacity":"","overlay-gradient":""}},"footnotes":""},"class_list":["post-2412","page","type-page","status-publish","has-post-thumbnail","hentry"],"acf":[],"yoast_head":"<!-- This site is optimized with the Yoast SEO plugin v27.4 - https:\/\/yoast.com\/product\/yoast-seo-wordpress\/ -->\n<title>Acoustical design - Insin\u00f6\u00f6ritoimisto W. Zenner Oy<\/title>\n<meta name=\"description\" content=\"At Zenner Engineers, we design room and building acoustics for offices, factories, schools, hospitals, and residential buildings.\" \/>\n<meta name=\"robots\" content=\"noindex, follow\" \/>\n<meta property=\"og:locale\" content=\"en_US\" \/>\n<meta property=\"og:type\" content=\"article\" \/>\n<meta property=\"og:title\" content=\"Acoustical design - Insin\u00f6\u00f6ritoimisto W. Zenner Oy\" \/>\n<meta property=\"og:description\" content=\"At Zenner Engineers, we design room and building acoustics for offices, factories, schools, hospitals, and residential buildings.\" \/>\n<meta property=\"og:url\" content=\"https:\/\/zenner.fi\/en\/design-services\/acoustical-design\/\" \/>\n<meta property=\"og:site_name\" content=\"Insin\u00f6\u00f6ritoimisto W. Zenner Oy\" \/>\n<meta property=\"article:modified_time\" content=\"2022-05-02T11:23:06+00:00\" \/>\n<meta property=\"og:image\" content=\"https:\/\/zenner.fi\/wp-content\/uploads\/sites\/3\/2018\/06\/putkiposti.jpg\" \/>\n\t<meta property=\"og:image:width\" content=\"1700\" \/>\n\t<meta property=\"og:image:height\" content=\"865\" \/>\n\t<meta property=\"og:image:type\" content=\"image\/jpeg\" \/>\n<meta name=\"twitter:card\" content=\"summary_large_image\" \/>\n<meta name=\"twitter:label1\" content=\"Est. reading time\" \/>\n\t<meta name=\"twitter:data1\" content=\"2 minutes\" \/>\n<script type=\"application\/ld+json\" class=\"yoast-schema-graph\">{\"@context\":\"https:\\\/\\\/schema.org\",\"@graph\":[{\"@type\":\"WebPage\",\"@id\":\"https:\\\/\\\/zenner.fi\\\/en\\\/design-services\\\/acoustical-design\\\/\",\"url\":\"https:\\\/\\\/zenner.fi\\\/en\\\/design-services\\\/acoustical-design\\\/\",\"name\":\"Acoustical design - Insin\u00f6\u00f6ritoimisto W. Zenner Oy\",\"isPartOf\":{\"@id\":\"https:\\\/\\\/zenner.fi\\\/#website\"},\"primaryImageOfPage\":{\"@id\":\"https:\\\/\\\/zenner.fi\\\/en\\\/design-services\\\/acoustical-design\\\/#primaryimage\"},\"image\":{\"@id\":\"https:\\\/\\\/zenner.fi\\\/en\\\/design-services\\\/acoustical-design\\\/#primaryimage\"},\"thumbnailUrl\":\"https:\\\/\\\/zenner.fi\\\/wp-content\\\/uploads\\\/sites\\\/3\\\/2018\\\/06\\\/putkiposti.jpg\",\"datePublished\":\"2022-04-25T10:48:48+00:00\",\"dateModified\":\"2022-05-02T11:23:06+00:00\",\"description\":\"At Zenner Engineers, we design room and building acoustics for offices, factories, schools, hospitals, and residential buildings.\",\"breadcrumb\":{\"@id\":\"https:\\\/\\\/zenner.fi\\\/en\\\/design-services\\\/acoustical-design\\\/#breadcrumb\"},\"inLanguage\":\"en-US\",\"potentialAction\":[{\"@type\":\"ReadAction\",\"target\":[\"https:\\\/\\\/zenner.fi\\\/en\\\/design-services\\\/acoustical-design\\\/\"]}]},{\"@type\":\"ImageObject\",\"inLanguage\":\"en-US\",\"@id\":\"https:\\\/\\\/zenner.fi\\\/en\\\/design-services\\\/acoustical-design\\\/#primaryimage\",\"url\":\"https:\\\/\\\/zenner.fi\\\/wp-content\\\/uploads\\\/sites\\\/3\\\/2018\\\/06\\\/putkiposti.jpg\",\"contentUrl\":\"https:\\\/\\\/zenner.fi\\\/wp-content\\\/uploads\\\/sites\\\/3\\\/2018\\\/06\\\/putkiposti.jpg\",\"width\":\"1700\",\"height\":\"865\"},{\"@type\":\"BreadcrumbList\",\"@id\":\"https:\\\/\\\/zenner.fi\\\/en\\\/design-services\\\/acoustical-design\\\/#breadcrumb\",\"itemListElement\":[{\"@type\":\"ListItem\",\"position\":1,\"name\":\"Home\",\"item\":\"https:\\\/\\\/zenner.fi\\\/en\\\/\"},{\"@type\":\"ListItem\",\"position\":2,\"name\":\"Design Services\",\"item\":\"https:\\\/\\\/zenner.fi\\\/en\\\/design-services\\\/\"},{\"@type\":\"ListItem\",\"position\":3,\"name\":\"Acoustical design\"}]},{\"@type\":\"WebSite\",\"@id\":\"https:\\\/\\\/zenner.fi\\\/#website\",\"url\":\"https:\\\/\\\/zenner.fi\\\/\",\"name\":\"Insin\u00f6\u00f6ritoimisto W. Zenner Oy\",\"description\":\"LVI-suunnittelu - akustinen suunnittelu - LVI-laboratorio - \u00c4\u00e4nilaboratorio\",\"publisher\":{\"@id\":\"https:\\\/\\\/zenner.fi\\\/#organization\"},\"potentialAction\":[{\"@type\":\"SearchAction\",\"target\":{\"@type\":\"EntryPoint\",\"urlTemplate\":\"https:\\\/\\\/zenner.fi\\\/?s={search_term_string}\"},\"query-input\":{\"@type\":\"PropertyValueSpecification\",\"valueRequired\":true,\"valueName\":\"search_term_string\"}}],\"inLanguage\":\"en-US\"},{\"@type\":\"Organization\",\"@id\":\"https:\\\/\\\/zenner.fi\\\/#organization\",\"name\":\"Insin\u00f6\u00f6ritoimisto W. Zenner Oy\",\"url\":\"https:\\\/\\\/zenner.fi\\\/\",\"logo\":{\"@type\":\"ImageObject\",\"inLanguage\":\"en-US\",\"@id\":\"https:\\\/\\\/zenner.fi\\\/#\\\/schema\\\/logo\\\/image\\\/\",\"url\":\"https:\\\/\\\/zenner.fi\\\/wp-content\\\/uploads\\\/sites\\\/3\\\/2023\\\/07\\\/Zenner-We-are-Solwers-logo.png\",\"contentUrl\":\"https:\\\/\\\/zenner.fi\\\/wp-content\\\/uploads\\\/sites\\\/3\\\/2023\\\/07\\\/Zenner-We-are-Solwers-logo.png\",\"width\":1268,\"height\":165,\"caption\":\"Insin\u00f6\u00f6ritoimisto W. Zenner Oy\"},\"image\":{\"@id\":\"https:\\\/\\\/zenner.fi\\\/#\\\/schema\\\/logo\\\/image\\\/\"}}]}<\/script>\n<!-- \/ Yoast SEO plugin. -->","yoast_head_json":{"title":"Acoustical design - Insin\u00f6\u00f6ritoimisto W. Zenner Oy","description":"At Zenner Engineers, we design room and building acoustics for offices, factories, schools, hospitals, and residential buildings.","robots":{"index":"noindex","follow":"follow"},"og_locale":"en_US","og_type":"article","og_title":"Acoustical design - Insin\u00f6\u00f6ritoimisto W. Zenner Oy","og_description":"At Zenner Engineers, we design room and building acoustics for offices, factories, schools, hospitals, and residential buildings.","og_url":"https:\/\/zenner.fi\/en\/design-services\/acoustical-design\/","og_site_name":"Insin\u00f6\u00f6ritoimisto W. Zenner Oy","article_modified_time":"2022-05-02T11:23:06+00:00","og_image":[{"width":1700,"height":865,"url":"https:\/\/zenner.fi\/wp-content\/uploads\/sites\/3\/2018\/06\/putkiposti.jpg","type":"image\/jpeg"}],"twitter_card":"summary_large_image","twitter_misc":{"Est. reading time":"2 minutes"},"schema":{"@context":"https:\/\/schema.org","@graph":[{"@type":"WebPage","@id":"https:\/\/zenner.fi\/en\/design-services\/acoustical-design\/","url":"https:\/\/zenner.fi\/en\/design-services\/acoustical-design\/","name":"Acoustical design - Insin\u00f6\u00f6ritoimisto W. Zenner Oy","isPartOf":{"@id":"https:\/\/zenner.fi\/#website"},"primaryImageOfPage":{"@id":"https:\/\/zenner.fi\/en\/design-services\/acoustical-design\/#primaryimage"},"image":{"@id":"https:\/\/zenner.fi\/en\/design-services\/acoustical-design\/#primaryimage"},"thumbnailUrl":"https:\/\/zenner.fi\/wp-content\/uploads\/sites\/3\/2018\/06\/putkiposti.jpg","datePublished":"2022-04-25T10:48:48+00:00","dateModified":"2022-05-02T11:23:06+00:00","description":"At Zenner Engineers, we design room and building acoustics for offices, factories, schools, hospitals, and residential buildings.","breadcrumb":{"@id":"https:\/\/zenner.fi\/en\/design-services\/acoustical-design\/#breadcrumb"},"inLanguage":"en-US","potentialAction":[{"@type":"ReadAction","target":["https:\/\/zenner.fi\/en\/design-services\/acoustical-design\/"]}]},{"@type":"ImageObject","inLanguage":"en-US","@id":"https:\/\/zenner.fi\/en\/design-services\/acoustical-design\/#primaryimage","url":"https:\/\/zenner.fi\/wp-content\/uploads\/sites\/3\/2018\/06\/putkiposti.jpg","contentUrl":"https:\/\/zenner.fi\/wp-content\/uploads\/sites\/3\/2018\/06\/putkiposti.jpg","width":"1700","height":"865"},{"@type":"BreadcrumbList","@id":"https:\/\/zenner.fi\/en\/design-services\/acoustical-design\/#breadcrumb","itemListElement":[{"@type":"ListItem","position":1,"name":"Home","item":"https:\/\/zenner.fi\/en\/"},{"@type":"ListItem","position":2,"name":"Design Services","item":"https:\/\/zenner.fi\/en\/design-services\/"},{"@type":"ListItem","position":3,"name":"Acoustical design"}]},{"@type":"WebSite","@id":"https:\/\/zenner.fi\/#website","url":"https:\/\/zenner.fi\/","name":"Insin\u00f6\u00f6ritoimisto W. Zenner Oy","description":"LVI-suunnittelu - akustinen suunnittelu - LVI-laboratorio - \u00c4\u00e4nilaboratorio","publisher":{"@id":"https:\/\/zenner.fi\/#organization"},"potentialAction":[{"@type":"SearchAction","target":{"@type":"EntryPoint","urlTemplate":"https:\/\/zenner.fi\/?s={search_term_string}"},"query-input":{"@type":"PropertyValueSpecification","valueRequired":true,"valueName":"search_term_string"}}],"inLanguage":"en-US"},{"@type":"Organization","@id":"https:\/\/zenner.fi\/#organization","name":"Insin\u00f6\u00f6ritoimisto W. Zenner Oy","url":"https:\/\/zenner.fi\/","logo":{"@type":"ImageObject","inLanguage":"en-US","@id":"https:\/\/zenner.fi\/#\/schema\/logo\/image\/","url":"https:\/\/zenner.fi\/wp-content\/uploads\/sites\/3\/2023\/07\/Zenner-We-are-Solwers-logo.png","contentUrl":"https:\/\/zenner.fi\/wp-content\/uploads\/sites\/3\/2023\/07\/Zenner-We-are-Solwers-logo.png","width":1268,"height":165,"caption":"Insin\u00f6\u00f6ritoimisto W. Zenner Oy"},"image":{"@id":"https:\/\/zenner.fi\/#\/schema\/logo\/image\/"}}]}},"_links":{"self":[{"href":"https:\/\/zenner.fi\/en\/wp-json\/wp\/v2\/pages\/2412","targetHints":{"allow":["GET"]}}],"collection":[{"href":"https:\/\/zenner.fi\/en\/wp-json\/wp\/v2\/pages"}],"about":[{"href":"https:\/\/zenner.fi\/en\/wp-json\/wp\/v2\/types\/page"}],"author":[{"embeddable":true,"href":"https:\/\/zenner.fi\/en\/wp-json\/wp\/v2\/users\/2"}],"replies":[{"embeddable":true,"href":"https:\/\/zenner.fi\/en\/wp-json\/wp\/v2\/comments?post=2412"}],"version-history":[{"count":7,"href":"https:\/\/zenner.fi\/en\/wp-json\/wp\/v2\/pages\/2412\/revisions"}],"predecessor-version":[{"id":2642,"href":"https:\/\/zenner.fi\/en\/wp-json\/wp\/v2\/pages\/2412\/revisions\/2642"}],"up":[{"embeddable":true,"href":"https:\/\/zenner.fi\/en\/wp-json\/wp\/v2\/pages\/2372"}],"wp:featuredmedia":[{"embeddable":true,"href":"https:\/\/zenner.fi\/en\/wp-json\/wp\/v2\/media\/2065"}],"wp:attachment":[{"href":"https:\/\/zenner.fi\/en\/wp-json\/wp\/v2\/media?parent=2412"}],"curies":[{"name":"wp","href":"https:\/\/api.w.org\/{rel}","templated":true}]}}