{"id":2439,"date":"2022-04-25T11:06:10","date_gmt":"2022-04-25T11:06:10","guid":{"rendered":"https:\/\/zenner.fi\/?page_id=2439"},"modified":"2022-05-02T11:27:45","modified_gmt":"2022-05-02T11:27:45","slug":"history","status":"publish","type":"page","link":"https:\/\/zenner.fi\/en\/company\/history\/","title":{"rendered":"History"},"content":{"rendered":"\t\t<div data-elementor-type=\"wp-page\" data-elementor-id=\"2439\" class=\"elementor elementor-2439 elementor-1989\" data-elementor-post-type=\"page\">\n\t\t\t\t\t\t<section class=\"elementor-section elementor-top-section elementor-element elementor-element-1bb0614 elementor-section-boxed elementor-section-height-default elementor-section-height-default\" data-id=\"1bb0614\" data-element_type=\"section\" data-e-type=\"section\" data-settings=\"{&quot;background_background&quot;:&quot;classic&quot;}\">\n\t\t\t\t\t\t<div class=\"elementor-container elementor-column-gap-default\">\n\t\t\t\t\t<div class=\"elementor-column elementor-col-100 elementor-top-column elementor-element elementor-element-15bc7d1\" data-id=\"15bc7d1\" data-element_type=\"column\" data-e-type=\"column\">\n\t\t\t<div class=\"elementor-widget-wrap elementor-element-populated\">\n\t\t\t\t\t\t<div class=\"elementor-element elementor-element-92224d7 elementor-widget elementor-widget-heading\" data-id=\"92224d7\" data-element_type=\"widget\" data-e-type=\"widget\" data-widget_type=\"heading.default\">\n\t\t\t\t<div class=\"elementor-widget-container\">\n\t\t\t\t\t<h1 class=\"elementor-heading-title elementor-size-default\">History<\/h1>\t\t\t\t<\/div>\n\t\t\t\t<\/div>\n\t\t\t\t\t<\/div>\n\t\t<\/div>\n\t\t\t\t\t<\/div>\n\t\t<\/section>\n\t\t\t\t<section class=\"elementor-section elementor-top-section elementor-element elementor-element-5be1348e elementor-section-boxed elementor-section-height-default elementor-section-height-default\" data-id=\"5be1348e\" data-element_type=\"section\" data-e-type=\"section\">\n\t\t\t\t\t\t<div class=\"elementor-container elementor-column-gap-default\">\n\t\t\t\t\t<div class=\"elementor-column elementor-col-66 elementor-top-column elementor-element elementor-element-4704723f\" data-id=\"4704723f\" data-element_type=\"column\" data-e-type=\"column\">\n\t\t\t<div class=\"elementor-widget-wrap elementor-element-populated\">\n\t\t\t\t\t\t<div class=\"elementor-element elementor-element-1cc054a6 elementor-widget elementor-widget-text-editor\" data-id=\"1cc054a6\" data-element_type=\"widget\" data-e-type=\"widget\" data-widget_type=\"text-editor.default\">\n\t\t\t\t<div class=\"elementor-widget-container\">\n\t\t\t\t\t\t\t\t\t<p>Zenner Engineers was established by Wolfgang Zenner in 1972. Our customers include companies of all sizes, public stakeholders, manufacturing plants, equipment manufacturers, construction companies, and housing cooperatives.<\/p><p>The core of our operations has always been our strong HVAC, plumbing and acoustics expertise, but our interest in problem solving and all things new has also brought us significant special skills. We do not give up \u2013 we always find a good solution for every customer!<\/p><p>A clear example of our special know-how is our HVAC, plumbing and sound laboratory, established already at the start of the 1980s. It was born out of an interest in technology and its advancement. The roots of our pneumatic tube system design expertise lie in our cooperation with the Helsinki University Central Hospital, which began in the early 1990s.<\/p><p>Acoustics design, a continuously growing field, has been a part of our service offering for several years. In the 2010s, acoustics has emerged as an integral part of construction design. Noise from outside new buildings and renovations as well as room acoustics are planned to make the space as acoustically comfortable as possible.<\/p>\t\t\t\t\t\t\t\t<\/div>\n\t\t\t\t<\/div>\n\t\t\t\t\t<\/div>\n\t\t<\/div>\n\t\t\t\t<div class=\"elementor-column elementor-col-33 elementor-top-column elementor-element elementor-element-52c245f3\" data-id=\"52c245f3\" data-element_type=\"column\" data-e-type=\"column\">\n\t\t\t<div class=\"elementor-widget-wrap elementor-element-populated\">\n\t\t\t\t\t\t<div class=\"elementor-element elementor-element-68815dc4 elementor-widget elementor-widget-heading\" data-id=\"68815dc4\" data-element_type=\"widget\" data-e-type=\"widget\" data-widget_type=\"heading.default\">\n\t\t\t\t<div class=\"elementor-widget-container\">\n\t\t\t\t\t<h3 class=\"elementor-heading-title elementor-size-default\">DESIGN SERVICES<\/h3>\t\t\t\t<\/div>\n\t\t\t\t<\/div>\n\t\t\t\t<div class=\"elementor-element elementor-element-3dbcff03 elementor-widget-divider--view-line elementor-widget elementor-widget-divider\" data-id=\"3dbcff03\" data-element_type=\"widget\" data-e-type=\"widget\" data-widget_type=\"divider.default\">\n\t\t\t\t<div class=\"elementor-widget-container\">\n\t\t\t\t\t\t\t<div class=\"elementor-divider\">\n\t\t\t<span class=\"elementor-divider-separator\">\n\t\t\t\t\t\t<\/span>\n\t\t<\/div>\n\t\t\t\t\t\t<\/div>\n\t\t\t\t<\/div>\n\t\t\t\t<div class=\"elementor-element elementor-element-462a77dd elementor-widget elementor-widget-text-editor\" data-id=\"462a77dd\" data-element_type=\"widget\" data-e-type=\"widget\" data-widget_type=\"text-editor.default\">\n\t\t\t\t<div class=\"elementor-widget-container\">\n\t\t\t\t\t\t\t\t\t<p><a href=\"https:\/\/zenner.fi\/en\/design-services\/hvac-and-plumbing-design\/\">HVAC and plumbing design<\/a><\/p><p><a href=\"https:\/\/zenner.fi\/en\/design-services\/acoustical-design\/\">Acoustical design<\/a><\/p><p><a href=\"https:\/\/zenner.fi\/en\/design-services\/pneumatic-tube-system-design\/\">Pneumatic tube system design<\/a><\/p>\t\t\t\t\t\t\t\t<\/div>\n\t\t\t\t<\/div>\n\t\t\t\t<div class=\"elementor-element elementor-element-2303dd6f elementor-widget elementor-widget-heading\" data-id=\"2303dd6f\" data-element_type=\"widget\" data-e-type=\"widget\" data-widget_type=\"heading.default\">\n\t\t\t\t<div class=\"elementor-widget-container\">\n\t\t\t\t\t<h3 class=\"elementor-heading-title elementor-size-default\">MEASURING SERVICES<\/h3>\t\t\t\t<\/div>\n\t\t\t\t<\/div>\n\t\t\t\t<div class=\"elementor-element elementor-element-4fc62466 elementor-widget-divider--view-line elementor-widget elementor-widget-divider\" data-id=\"4fc62466\" data-element_type=\"widget\" data-e-type=\"widget\" data-widget_type=\"divider.default\">\n\t\t\t\t<div class=\"elementor-widget-container\">\n\t\t\t\t\t\t\t<div class=\"elementor-divider\">\n\t\t\t<span class=\"elementor-divider-separator\">\n\t\t\t\t\t\t<\/span>\n\t\t<\/div>\n\t\t\t\t\t\t<\/div>\n\t\t\t\t<\/div>\n\t\t\t\t<div class=\"elementor-element elementor-element-63c711bc elementor-widget elementor-widget-text-editor\" data-id=\"63c711bc\" data-element_type=\"widget\" data-e-type=\"widget\" data-widget_type=\"text-editor.default\">\n\t\t\t\t<div class=\"elementor-widget-container\">\n\t\t\t\t\t\t\t\t\t<p><a href=\"https:\/\/zenner.fi\/en\/measuring-services\/laboratory-measurements\/\">Laboratory measurements<\/a><\/p><p><a href=\"https:\/\/zenner.fi\/en\/measuring-services\/field-measurements\/\">Field measurements<\/a><\/p>\t\t\t\t\t\t\t\t<\/div>\n\t\t\t\t<\/div>\n\t\t\t\t<div class=\"elementor-element elementor-element-7ad39777 elementor-widget elementor-widget-heading\" data-id=\"7ad39777\" data-element_type=\"widget\" data-e-type=\"widget\" data-widget_type=\"heading.default\">\n\t\t\t\t<div class=\"elementor-widget-container\">\n\t\t\t\t\t<h3 class=\"elementor-heading-title elementor-size-default\">RECENT POSTS<\/h3>\t\t\t\t<\/div>\n\t\t\t\t<\/div>\n\t\t\t\t<div class=\"elementor-element elementor-element-772140de elementor-widget-divider--view-line elementor-widget elementor-widget-divider\" data-id=\"772140de\" data-element_type=\"widget\" data-e-type=\"widget\" data-widget_type=\"divider.default\">\n\t\t\t\t<div class=\"elementor-widget-container\">\n\t\t\t\t\t\t\t<div class=\"elementor-divider\">\n\t\t\t<span class=\"elementor-divider-separator\">\n\t\t\t\t\t\t<\/span>\n\t\t<\/div>\n\t\t\t\t\t\t<\/div>\n\t\t\t\t<\/div>\n\t\t\t\t<div class=\"elementor-element elementor-element-5e18e143 elementor-grid-1 elementor-grid-tablet-1 elementor-posts--thumbnail-none elementor-grid-mobile-1 elementor-widget elementor-widget-posts\" data-id=\"5e18e143\" data-element_type=\"widget\" data-e-type=\"widget\" data-settings=\"{&quot;classic_columns&quot;:&quot;1&quot;,&quot;classic_columns_tablet&quot;:&quot;1&quot;,&quot;classic_row_gap&quot;:{&quot;unit&quot;:&quot;px&quot;,&quot;size&quot;:14,&quot;sizes&quot;:[]},&quot;classic_columns_mobile&quot;:&quot;1&quot;,&quot;classic_row_gap_tablet&quot;:{&quot;unit&quot;:&quot;px&quot;,&quot;size&quot;:&quot;&quot;,&quot;sizes&quot;:[]},&quot;classic_row_gap_mobile&quot;:{&quot;unit&quot;:&quot;px&quot;,&quot;size&quot;:&quot;&quot;,&quot;sizes&quot;:[]}}\" data-widget_type=\"posts.classic\">\n\t\t\t\t<div class=\"elementor-widget-container\">\n\t\t\t\t\t\t\t<div class=\"elementor-posts-container elementor-posts elementor-posts--skin-classic elementor-grid\">\n\t\t\t\t<article class=\"elementor-post elementor-grid-item post-2489 post type-post status-publish format-standard has-post-thumbnail hentry category-uncategorized\">\n\t\t\t\t<div class=\"elementor-post__text\">\n\t\t\t\t<h3 class=\"elementor-post__title\">\n\t\t\t<a href=\"https:\/\/zenner.fi\/en\/uncategorized\/zenner-joins-the-future-hospital-oys2030-project\/\" >\n\t\t\t\tZenner joins the Future Hospital OYS2030 project\t\t\t<\/a>\n\t\t<\/h3>\n\t\t\t\t<\/div>\n\t\t\t\t<\/article>\n\t\t\t\t<\/div>\n\t\t\n\t\t\t\t\t\t<\/div>\n\t\t\t\t<\/div>\n\t\t\t\t\t<\/div>\n\t\t<\/div>\n\t\t\t\t\t<\/div>\n\t\t<\/section>\n\t\t\t\t<section class=\"elementor-section elementor-top-section elementor-element elementor-element-4c0f37e1 elementor-section-boxed elementor-section-height-default elementor-section-height-default\" data-id=\"4c0f37e1\" data-element_type=\"section\" data-e-type=\"section\" data-settings=\"{&quot;background_background&quot;:&quot;classic&quot;}\">\n\t\t\t\t\t\t<div class=\"elementor-container elementor-column-gap-default\">\n\t\t\t\t\t<div class=\"elementor-column elementor-col-100 elementor-top-column elementor-element elementor-element-73b6481b\" data-id=\"73b6481b\" data-element_type=\"column\" data-e-type=\"column\">\n\t\t\t<div class=\"elementor-widget-wrap elementor-element-populated\">\n\t\t\t\t\t\t<div class=\"elementor-element elementor-element-18aa0484 elementor-widget elementor-widget-heading\" data-id=\"18aa0484\" data-element_type=\"widget\" data-e-type=\"widget\" data-widget_type=\"heading.default\">\n\t\t\t\t<div class=\"elementor-widget-container\">\n\t\t\t\t\t<h2 class=\"elementor-heading-title elementor-size-default\">WANT MORE INFORMATION?\n<\/h2>\t\t\t\t<\/div>\n\t\t\t\t<\/div>\n\t\t\t\t<div class=\"elementor-element elementor-element-1151c034 elementor-widget elementor-widget-text-editor\" data-id=\"1151c034\" data-element_type=\"widget\" data-e-type=\"widget\" data-widget_type=\"text-editor.default\">\n\t\t\t\t<div class=\"elementor-widget-container\">\n\t\t\t\t\t\t\t\t\t<p>Would you like more information about our services?<\/p>\t\t\t\t\t\t\t\t<\/div>\n\t\t\t\t<\/div>\n\t\t\t\t<div class=\"elementor-element elementor-element-55da4dda elementor-align-center elementor-widget elementor-widget-button\" data-id=\"55da4dda\" data-element_type=\"widget\" data-e-type=\"widget\" data-widget_type=\"button.default\">\n\t\t\t\t<div class=\"elementor-widget-container\">\n\t\t\t\t\t\t\t\t\t<div class=\"elementor-button-wrapper\">\n\t\t\t\t\t<a class=\"elementor-button elementor-button-link elementor-size-sm\" href=\"https:\/\/zenner.fi\/en\/contact\/\">\n\t\t\t\t\t\t<span class=\"elementor-button-content-wrapper\">\n\t\t\t\t\t\t\t\t\t<span class=\"elementor-button-text\">contact us<\/span>\n\t\t\t\t\t<\/span>\n\t\t\t\t\t<\/a>\n\t\t\t\t<\/div>\n\t\t\t\t\t\t\t\t<\/div>\n\t\t\t\t<\/div>\n\t\t\t\t\t<\/div>\n\t\t<\/div>\n\t\t\t\t\t<\/div>\n\t\t<\/section>\n\t\t\t\t<\/div>\n\t\t","protected":false},"excerpt":{"rendered":"<p>History Zenner Engineers was established by Wolfgang Zenner in 1972. Our customers include companies of all sizes, public stakeholders, manufacturing plants, equipment manufacturers, construction companies,<\/p>\n","protected":false},"author":2,"featured_media":947,"parent":2424,"menu_order":1,"comment_status":"closed","ping_status":"closed","template":"","meta":{"_acf_changed":false,"site-sidebar-layout":"no-sidebar","site-content-layout":"page-builder","ast-site-content-layout":"","site-content-style":"default","site-sidebar-style":"default","ast-global-header-display":"","ast-banner-title-visibility":"","ast-main-header-display":"","ast-hfb-above-header-display":"","ast-hfb-below-header-display":"","ast-hfb-mobile-header-display":"","site-post-title":"disabled","ast-breadcrumbs-content":"","ast-featured-img":"disabled","footer-sml-layout":"","theme-transparent-header-meta":"default","adv-header-id-meta":"","stick-header-meta":"","header-above-stick-meta":"","header-main-stick-meta":"","header-below-stick-meta":"","astra-migrate-meta-layouts":"default","ast-page-background-enabled":"default","ast-page-background-meta":{"desktop":{"background-color":"var(--ast-global-color-4)","background-image":"","background-repeat":"repeat","background-position":"center center","background-size":"auto","background-attachment":"scroll","background-type":"","background-media":"","overlay-type":"","overlay-color":"","overlay-opacity":"","overlay-gradient":""},"tablet":{"background-color":"","background-image":"","background-repeat":"repeat","background-position":"center center","background-size":"auto","background-attachment":"scroll","background-type":"","background-media":"","overlay-type":"","overlay-color":"","overlay-opacity":"","overlay-gradient":""},"mobile":{"background-color":"","background-image":"","background-repeat":"repeat","background-position":"center center","background-size":"auto","background-attachment":"scroll","background-type":"","background-media":"","overlay-type":"","overlay-color":"","overlay-opacity":"","overlay-gradient":""}},"ast-content-background-meta":{"desktop":{"background-color":"var(--ast-global-color-5)","background-image":"","background-repeat":"repeat","background-position":"center center","background-size":"auto","background-attachment":"scroll","background-type":"","background-media":"","overlay-type":"","overlay-color":"","overlay-opacity":"","overlay-gradient":""},"tablet":{"background-color":"var(--ast-global-color-5)","background-image":"","background-repeat":"repeat","background-position":"center center","background-size":"auto","background-attachment":"scroll","background-type":"","background-media":"","overlay-type":"","overlay-color":"","overlay-opacity":"","overlay-gradient":""},"mobile":{"background-color":"var(--ast-global-color-5)","background-image":"","background-repeat":"repeat","background-position":"center center","background-size":"auto","background-attachment":"scroll","background-type":"","background-media":"","overlay-type":"","overlay-color":"","overlay-opacity":"","overlay-gradient":""}},"footnotes":""},"class_list":["post-2439","page","type-page","status-publish","has-post-thumbnail","hentry"],"acf":[],"yoast_head":"<!-- This site is optimized with the Yoast SEO plugin v27.4 - https:\/\/yoast.com\/product\/yoast-seo-wordpress\/ -->\n<title>History - Insin\u00f6\u00f6ritoimisto W. Zenner Oy<\/title>\n<meta name=\"description\" content=\"Zenner Engineers was established by Wolfgang Zenner in 1972. Our customers include companies of all sizes, public stakeholders, manufacturing plants, equipment manufacturers, construction companies, and housing cooperatives.\" \/>\n<meta name=\"robots\" content=\"index, follow, max-snippet:-1, max-image-preview:large, max-video-preview:-1\" \/>\n<link rel=\"canonical\" href=\"https:\/\/zenner.fi\/en\/company\/history\/\" \/>\n<meta property=\"og:locale\" content=\"en_US\" \/>\n<meta property=\"og:type\" content=\"article\" \/>\n<meta property=\"og:title\" content=\"History - Insin\u00f6\u00f6ritoimisto W. Zenner Oy\" \/>\n<meta property=\"og:description\" content=\"Zenner Engineers was established by Wolfgang Zenner in 1972. Our customers include companies of all sizes, public stakeholders, manufacturing plants, equipment manufacturers, construction companies, and housing cooperatives.\" \/>\n<meta property=\"og:url\" content=\"https:\/\/zenner.fi\/en\/company\/history\/\" \/>\n<meta property=\"og:site_name\" content=\"Insin\u00f6\u00f6ritoimisto W. Zenner Oy\" \/>\n<meta property=\"article:modified_time\" content=\"2022-05-02T11:27:45+00:00\" \/>\n<meta property=\"og:image\" content=\"https:\/\/zenner.fi\/wp-content\/uploads\/sites\/3\/2018\/06\/historia.jpg\" \/>\n\t<meta property=\"og:image:width\" content=\"1700\" \/>\n\t<meta property=\"og:image:height\" content=\"1133\" \/>\n\t<meta property=\"og:image:type\" content=\"image\/jpeg\" \/>\n<meta name=\"twitter:card\" content=\"summary_large_image\" \/>\n<meta name=\"twitter:label1\" content=\"Est. reading time\" \/>\n\t<meta name=\"twitter:data1\" content=\"2 minutes\" \/>\n<script type=\"application\/ld+json\" class=\"yoast-schema-graph\">{\"@context\":\"https:\\\/\\\/schema.org\",\"@graph\":[{\"@type\":\"WebPage\",\"@id\":\"https:\\\/\\\/zenner.fi\\\/en\\\/company\\\/history\\\/\",\"url\":\"https:\\\/\\\/zenner.fi\\\/en\\\/company\\\/history\\\/\",\"name\":\"History - Insin\u00f6\u00f6ritoimisto W. Zenner Oy\",\"isPartOf\":{\"@id\":\"https:\\\/\\\/zenner.fi\\\/#website\"},\"primaryImageOfPage\":{\"@id\":\"https:\\\/\\\/zenner.fi\\\/en\\\/company\\\/history\\\/#primaryimage\"},\"image\":{\"@id\":\"https:\\\/\\\/zenner.fi\\\/en\\\/company\\\/history\\\/#primaryimage\"},\"thumbnailUrl\":\"https:\\\/\\\/zenner.fi\\\/wp-content\\\/uploads\\\/sites\\\/3\\\/2018\\\/06\\\/historia.jpg\",\"datePublished\":\"2022-04-25T11:06:10+00:00\",\"dateModified\":\"2022-05-02T11:27:45+00:00\",\"description\":\"Zenner Engineers was established by Wolfgang Zenner in 1972. Our customers include companies of all sizes, public stakeholders, manufacturing plants, equipment manufacturers, construction companies, and housing cooperatives.\",\"breadcrumb\":{\"@id\":\"https:\\\/\\\/zenner.fi\\\/en\\\/company\\\/history\\\/#breadcrumb\"},\"inLanguage\":\"en-US\",\"potentialAction\":[{\"@type\":\"ReadAction\",\"target\":[\"https:\\\/\\\/zenner.fi\\\/en\\\/company\\\/history\\\/\"]}]},{\"@type\":\"ImageObject\",\"inLanguage\":\"en-US\",\"@id\":\"https:\\\/\\\/zenner.fi\\\/en\\\/company\\\/history\\\/#primaryimage\",\"url\":\"https:\\\/\\\/zenner.fi\\\/wp-content\\\/uploads\\\/sites\\\/3\\\/2018\\\/06\\\/historia.jpg\",\"contentUrl\":\"https:\\\/\\\/zenner.fi\\\/wp-content\\\/uploads\\\/sites\\\/3\\\/2018\\\/06\\\/historia.jpg\",\"width\":\"1700\",\"height\":\"1133\"},{\"@type\":\"BreadcrumbList\",\"@id\":\"https:\\\/\\\/zenner.fi\\\/en\\\/company\\\/history\\\/#breadcrumb\",\"itemListElement\":[{\"@type\":\"ListItem\",\"position\":1,\"name\":\"Home\",\"item\":\"https:\\\/\\\/zenner.fi\\\/en\\\/\"},{\"@type\":\"ListItem\",\"position\":2,\"name\":\"Company\",\"item\":\"https:\\\/\\\/zenner.fi\\\/en\\\/company\\\/\"},{\"@type\":\"ListItem\",\"position\":3,\"name\":\"History\"}]},{\"@type\":\"WebSite\",\"@id\":\"https:\\\/\\\/zenner.fi\\\/#website\",\"url\":\"https:\\\/\\\/zenner.fi\\\/\",\"name\":\"Insin\u00f6\u00f6ritoimisto W. Zenner Oy\",\"description\":\"LVI-suunnittelu - akustinen suunnittelu - LVI-laboratorio - \u00c4\u00e4nilaboratorio\",\"publisher\":{\"@id\":\"https:\\\/\\\/zenner.fi\\\/#organization\"},\"potentialAction\":[{\"@type\":\"SearchAction\",\"target\":{\"@type\":\"EntryPoint\",\"urlTemplate\":\"https:\\\/\\\/zenner.fi\\\/?s={search_term_string}\"},\"query-input\":{\"@type\":\"PropertyValueSpecification\",\"valueRequired\":true,\"valueName\":\"search_term_string\"}}],\"inLanguage\":\"en-US\"},{\"@type\":\"Organization\",\"@id\":\"https:\\\/\\\/zenner.fi\\\/#organization\",\"name\":\"Insin\u00f6\u00f6ritoimisto W. Zenner Oy\",\"url\":\"https:\\\/\\\/zenner.fi\\\/\",\"logo\":{\"@type\":\"ImageObject\",\"inLanguage\":\"en-US\",\"@id\":\"https:\\\/\\\/zenner.fi\\\/#\\\/schema\\\/logo\\\/image\\\/\",\"url\":\"https:\\\/\\\/zenner.fi\\\/wp-content\\\/uploads\\\/sites\\\/3\\\/2023\\\/07\\\/Zenner-We-are-Solwers-logo.png\",\"contentUrl\":\"https:\\\/\\\/zenner.fi\\\/wp-content\\\/uploads\\\/sites\\\/3\\\/2023\\\/07\\\/Zenner-We-are-Solwers-logo.png\",\"width\":1268,\"height\":165,\"caption\":\"Insin\u00f6\u00f6ritoimisto W. Zenner Oy\"},\"image\":{\"@id\":\"https:\\\/\\\/zenner.fi\\\/#\\\/schema\\\/logo\\\/image\\\/\"}}]}<\/script>\n<!-- \/ Yoast SEO plugin. -->","yoast_head_json":{"title":"History - Insin\u00f6\u00f6ritoimisto W. Zenner Oy","description":"Zenner Engineers was established by Wolfgang Zenner in 1972. Our customers include companies of all sizes, public stakeholders, manufacturing plants, equipment manufacturers, construction companies, and housing cooperatives.","robots":{"index":"index","follow":"follow","max-snippet":"max-snippet:-1","max-image-preview":"max-image-preview:large","max-video-preview":"max-video-preview:-1"},"canonical":"https:\/\/zenner.fi\/en\/company\/history\/","og_locale":"en_US","og_type":"article","og_title":"History - Insin\u00f6\u00f6ritoimisto W. Zenner Oy","og_description":"Zenner Engineers was established by Wolfgang Zenner in 1972. Our customers include companies of all sizes, public stakeholders, manufacturing plants, equipment manufacturers, construction companies, and housing cooperatives.","og_url":"https:\/\/zenner.fi\/en\/company\/history\/","og_site_name":"Insin\u00f6\u00f6ritoimisto W. Zenner Oy","article_modified_time":"2022-05-02T11:27:45+00:00","og_image":[{"width":1700,"height":1133,"url":"https:\/\/zenner.fi\/wp-content\/uploads\/sites\/3\/2018\/06\/historia.jpg","type":"image\/jpeg"}],"twitter_card":"summary_large_image","twitter_misc":{"Est. reading time":"2 minutes"},"schema":{"@context":"https:\/\/schema.org","@graph":[{"@type":"WebPage","@id":"https:\/\/zenner.fi\/en\/company\/history\/","url":"https:\/\/zenner.fi\/en\/company\/history\/","name":"History - Insin\u00f6\u00f6ritoimisto W. Zenner Oy","isPartOf":{"@id":"https:\/\/zenner.fi\/#website"},"primaryImageOfPage":{"@id":"https:\/\/zenner.fi\/en\/company\/history\/#primaryimage"},"image":{"@id":"https:\/\/zenner.fi\/en\/company\/history\/#primaryimage"},"thumbnailUrl":"https:\/\/zenner.fi\/wp-content\/uploads\/sites\/3\/2018\/06\/historia.jpg","datePublished":"2022-04-25T11:06:10+00:00","dateModified":"2022-05-02T11:27:45+00:00","description":"Zenner Engineers was established by Wolfgang Zenner in 1972. Our customers include companies of all sizes, public stakeholders, manufacturing plants, equipment manufacturers, construction companies, and housing cooperatives.","breadcrumb":{"@id":"https:\/\/zenner.fi\/en\/company\/history\/#breadcrumb"},"inLanguage":"en-US","potentialAction":[{"@type":"ReadAction","target":["https:\/\/zenner.fi\/en\/company\/history\/"]}]},{"@type":"ImageObject","inLanguage":"en-US","@id":"https:\/\/zenner.fi\/en\/company\/history\/#primaryimage","url":"https:\/\/zenner.fi\/wp-content\/uploads\/sites\/3\/2018\/06\/historia.jpg","contentUrl":"https:\/\/zenner.fi\/wp-content\/uploads\/sites\/3\/2018\/06\/historia.jpg","width":"1700","height":"1133"},{"@type":"BreadcrumbList","@id":"https:\/\/zenner.fi\/en\/company\/history\/#breadcrumb","itemListElement":[{"@type":"ListItem","position":1,"name":"Home","item":"https:\/\/zenner.fi\/en\/"},{"@type":"ListItem","position":2,"name":"Company","item":"https:\/\/zenner.fi\/en\/company\/"},{"@type":"ListItem","position":3,"name":"History"}]},{"@type":"WebSite","@id":"https:\/\/zenner.fi\/#website","url":"https:\/\/zenner.fi\/","name":"Insin\u00f6\u00f6ritoimisto W. Zenner Oy","description":"LVI-suunnittelu - akustinen suunnittelu - LVI-laboratorio - \u00c4\u00e4nilaboratorio","publisher":{"@id":"https:\/\/zenner.fi\/#organization"},"potentialAction":[{"@type":"SearchAction","target":{"@type":"EntryPoint","urlTemplate":"https:\/\/zenner.fi\/?s={search_term_string}"},"query-input":{"@type":"PropertyValueSpecification","valueRequired":true,"valueName":"search_term_string"}}],"inLanguage":"en-US"},{"@type":"Organization","@id":"https:\/\/zenner.fi\/#organization","name":"Insin\u00f6\u00f6ritoimisto W. Zenner Oy","url":"https:\/\/zenner.fi\/","logo":{"@type":"ImageObject","inLanguage":"en-US","@id":"https:\/\/zenner.fi\/#\/schema\/logo\/image\/","url":"https:\/\/zenner.fi\/wp-content\/uploads\/sites\/3\/2023\/07\/Zenner-We-are-Solwers-logo.png","contentUrl":"https:\/\/zenner.fi\/wp-content\/uploads\/sites\/3\/2023\/07\/Zenner-We-are-Solwers-logo.png","width":1268,"height":165,"caption":"Insin\u00f6\u00f6ritoimisto W. Zenner Oy"},"image":{"@id":"https:\/\/zenner.fi\/#\/schema\/logo\/image\/"}}]}},"_links":{"self":[{"href":"https:\/\/zenner.fi\/en\/wp-json\/wp\/v2\/pages\/2439","targetHints":{"allow":["GET"]}}],"collection":[{"href":"https:\/\/zenner.fi\/en\/wp-json\/wp\/v2\/pages"}],"about":[{"href":"https:\/\/zenner.fi\/en\/wp-json\/wp\/v2\/types\/page"}],"author":[{"embeddable":true,"href":"https:\/\/zenner.fi\/en\/wp-json\/wp\/v2\/users\/2"}],"replies":[{"embeddable":true,"href":"https:\/\/zenner.fi\/en\/wp-json\/wp\/v2\/comments?post=2439"}],"version-history":[{"count":7,"href":"https:\/\/zenner.fi\/en\/wp-json\/wp\/v2\/pages\/2439\/revisions"}],"predecessor-version":[{"id":2663,"href":"https:\/\/zenner.fi\/en\/wp-json\/wp\/v2\/pages\/2439\/revisions\/2663"}],"up":[{"embeddable":true,"href":"https:\/\/zenner.fi\/en\/wp-json\/wp\/v2\/pages\/2424"}],"wp:featuredmedia":[{"embeddable":true,"href":"https:\/\/zenner.fi\/en\/wp-json\/wp\/v2\/media\/947"}],"wp:attachment":[{"href":"https:\/\/zenner.fi\/en\/wp-json\/wp\/v2\/media?parent=2439"}],"curies":[{"name":"wp","href":"https:\/\/api.w.org\/{rel}","templated":true}]}}