{"id":2504,"date":"2022-04-25T12:29:17","date_gmt":"2022-04-25T12:29:17","guid":{"rendered":"https:\/\/zenner.fi\/?page_id=2504"},"modified":"2024-03-12T11:14:34","modified_gmt":"2024-03-12T11:14:34","slug":"contact-us","status":"publish","type":"page","link":"https:\/\/zenner.fi\/en\/contact-us\/","title":{"rendered":"Get in touch"},"content":{"rendered":"\t\t<div data-elementor-type=\"wp-page\" data-elementor-id=\"2504\" class=\"elementor elementor-2504 elementor-2199\" data-elementor-post-type=\"page\">\n\t\t\t\t\t\t<section class=\"elementor-section elementor-top-section elementor-element elementor-element-1bb0614 elementor-section-boxed elementor-section-height-default elementor-section-height-default\" data-id=\"1bb0614\" data-element_type=\"section\" data-e-type=\"section\" data-settings=\"{&quot;background_background&quot;:&quot;classic&quot;}\">\n\t\t\t\t\t\t<div class=\"elementor-container elementor-column-gap-default\">\n\t\t\t\t\t<div class=\"elementor-column elementor-col-100 elementor-top-column elementor-element elementor-element-15bc7d1\" data-id=\"15bc7d1\" data-element_type=\"column\" data-e-type=\"column\">\n\t\t\t<div class=\"elementor-widget-wrap elementor-element-populated\">\n\t\t\t\t\t\t<div class=\"elementor-element elementor-element-92224d7 elementor-widget elementor-widget-heading\" data-id=\"92224d7\" data-element_type=\"widget\" data-e-type=\"widget\" data-widget_type=\"heading.default\">\n\t\t\t\t<div class=\"elementor-widget-container\">\n\t\t\t\t\t<h1 class=\"elementor-heading-title elementor-size-default\">Contact us<\/h1>\t\t\t\t<\/div>\n\t\t\t\t<\/div>\n\t\t\t\t\t<\/div>\n\t\t<\/div>\n\t\t\t\t\t<\/div>\n\t\t<\/section>\n\t\t\t\t<section class=\"elementor-section elementor-top-section elementor-element elementor-element-78b120f1 elementor-section-boxed elementor-section-height-default elementor-section-height-default\" data-id=\"78b120f1\" data-element_type=\"section\" data-e-type=\"section\">\n\t\t\t\t\t\t<div class=\"elementor-container elementor-column-gap-default\">\n\t\t\t\t\t<div class=\"elementor-column elementor-col-100 elementor-top-column elementor-element elementor-element-4e5eb0e1\" data-id=\"4e5eb0e1\" data-element_type=\"column\" data-e-type=\"column\">\n\t\t\t<div class=\"elementor-widget-wrap elementor-element-populated\">\n\t\t\t\t\t\t<section class=\"elementor-section elementor-inner-section elementor-element elementor-element-c4d113e elementor-reverse-mobile elementor-section-boxed elementor-section-height-default elementor-section-height-default\" data-id=\"c4d113e\" data-element_type=\"section\" data-e-type=\"section\">\n\t\t\t\t\t\t<div class=\"elementor-container elementor-column-gap-default\">\n\t\t\t\t\t<div class=\"elementor-column elementor-col-50 elementor-inner-column elementor-element elementor-element-0633b76\" data-id=\"0633b76\" data-element_type=\"column\" data-e-type=\"column\">\n\t\t\t<div class=\"elementor-widget-wrap elementor-element-populated\">\n\t\t\t\t\t\t<div class=\"elementor-element elementor-element-07c832b elementor-widget elementor-widget-theme-site-logo elementor-widget-image\" data-id=\"07c832b\" data-element_type=\"widget\" data-e-type=\"widget\" data-widget_type=\"theme-site-logo.default\">\n\t\t\t\t<div class=\"elementor-widget-container\">\n\t\t\t\t\t\t\t\t\t\t\t<a href=\"https:\/\/zenner.fi\/en\/\">\n\t\t\t<img fetchpriority=\"high\" decoding=\"async\" width=\"1268\" height=\"165\" src=\"https:\/\/zenner.fi\/wp-content\/uploads\/sites\/3\/2023\/07\/Zenner-We-are-Solwers-logo.png\" class=\"attachment-full size-full wp-image-2998\" alt=\"\" srcset=\"https:\/\/zenner.fi\/wp-content\/uploads\/sites\/3\/2023\/07\/Zenner-We-are-Solwers-logo.png 1268w, https:\/\/zenner.fi\/wp-content\/uploads\/sites\/3\/2023\/07\/Zenner-We-are-Solwers-logo-300x39.png 300w, https:\/\/zenner.fi\/wp-content\/uploads\/sites\/3\/2023\/07\/Zenner-We-are-Solwers-logo-1024x133.png 1024w, https:\/\/zenner.fi\/wp-content\/uploads\/sites\/3\/2023\/07\/Zenner-We-are-Solwers-logo-768x100.png 768w, https:\/\/zenner.fi\/wp-content\/uploads\/sites\/3\/2023\/07\/Zenner-We-are-Solwers-logo-24x3.png 24w, https:\/\/zenner.fi\/wp-content\/uploads\/sites\/3\/2023\/07\/Zenner-We-are-Solwers-logo-36x5.png 36w, https:\/\/zenner.fi\/wp-content\/uploads\/sites\/3\/2023\/07\/Zenner-We-are-Solwers-logo-48x6.png 48w\" sizes=\"(max-width: 1268px) 100vw, 1268px\" \/>\t\t\t\t<\/a>\n\t\t\t\t\t\t\t\t\t\t\t<\/div>\n\t\t\t\t<\/div>\n\t\t\t\t<div class=\"elementor-element elementor-element-5a464cd1 elementor-shape-circle elementor-grid-4 e-grid-align-center elementor-widget elementor-widget-social-icons\" data-id=\"5a464cd1\" data-element_type=\"widget\" data-e-type=\"widget\" data-widget_type=\"social-icons.default\">\n\t\t\t\t<div class=\"elementor-widget-container\">\n\t\t\t\t\t\t\t<div class=\"elementor-social-icons-wrapper elementor-grid\" role=\"list\">\n\t\t\t\t\t\t\t<span class=\"elementor-grid-item\" role=\"listitem\">\n\t\t\t\t\t<a class=\"elementor-icon elementor-social-icon elementor-social-icon-facebook elementor-animation-shrink elementor-repeater-item-c50fbe5\" href=\"https:\/\/www.facebook.com\/ZennerOy\" target=\"_blank\">\n\t\t\t\t\t\t<span class=\"elementor-screen-only\">Facebook<\/span>\n\t\t\t\t\t\t<i aria-hidden=\"true\" class=\"fab fa-facebook\"><\/i>\t\t\t\t\t<\/a>\n\t\t\t\t<\/span>\n\t\t\t\t\t\t\t<span class=\"elementor-grid-item\" role=\"listitem\">\n\t\t\t\t\t<a class=\"elementor-icon elementor-social-icon elementor-social-icon-linkedin elementor-animation-shrink elementor-repeater-item-9cbaa8c\" href=\"https:\/\/www.linkedin.com\/company\/insin%C3%B6%C3%B6ritoimisto-w-zenner-oy\" target=\"_blank\">\n\t\t\t\t\t\t<span class=\"elementor-screen-only\">Linkedin<\/span>\n\t\t\t\t\t\t<i aria-hidden=\"true\" class=\"fab fa-linkedin\"><\/i>\t\t\t\t\t<\/a>\n\t\t\t\t<\/span>\n\t\t\t\t\t<\/div>\n\t\t\t\t\t\t<\/div>\n\t\t\t\t<\/div>\n\t\t\t\t\t<\/div>\n\t\t<\/div>\n\t\t\t\t<div class=\"elementor-column elementor-col-50 elementor-inner-column elementor-element elementor-element-390521f\" data-id=\"390521f\" data-element_type=\"column\" data-e-type=\"column\">\n\t\t\t<div class=\"elementor-widget-wrap elementor-element-populated\">\n\t\t\t\t\t\t<div class=\"elementor-element elementor-element-ad66a49 elementor-widget elementor-widget-heading\" data-id=\"ad66a49\" data-element_type=\"widget\" data-e-type=\"widget\" data-widget_type=\"heading.default\">\n\t\t\t\t<div class=\"elementor-widget-container\">\n\t\t\t\t\t<h2 class=\"elementor-heading-title elementor-size-default\">Get in touch<\/h2>\t\t\t\t<\/div>\n\t\t\t\t<\/div>\n\t\t\t\t<div class=\"elementor-element elementor-element-2e217af6 elementor-button-align-end elementor-widget elementor-widget-form\" data-id=\"2e217af6\" data-element_type=\"widget\" data-e-type=\"widget\" data-settings=\"{&quot;step_next_label&quot;:&quot;Next&quot;,&quot;step_previous_label&quot;:&quot;Previous&quot;,&quot;button_width&quot;:&quot;100&quot;,&quot;step_type&quot;:&quot;number_text&quot;,&quot;step_icon_shape&quot;:&quot;circle&quot;}\" data-widget_type=\"form.default\">\n\t\t\t\t<div class=\"elementor-widget-container\">\n\t\t\t\t\t\t\t<form class=\"elementor-form\" method=\"post\" name=\"New Form\">\n\t\t\t<input type=\"hidden\" name=\"post_id\" value=\"2504\"\/>\n\t\t\t<input type=\"hidden\" name=\"form_id\" value=\"2e217af6\"\/>\n\t\t\t<input type=\"hidden\" name=\"referer_title\" value=\"Get in touch - Insin\u00f6\u00f6ritoimisto W. Zenner Oy\" \/>\n\n\t\t\t\t\t\t\t<input type=\"hidden\" name=\"queried_id\" value=\"2504\"\/>\n\t\t\t\n\t\t\t<div class=\"elementor-form-fields-wrapper elementor-labels-above\">\n\t\t\t\t\t\t\t\t<div class=\"elementor-field-type-select elementor-field-group elementor-column elementor-field-group-aihe elementor-col-100 elementor-field-required elementor-mark-required\">\n\t\t\t\t\t\t\t\t\t\t\t\t<label for=\"form-field-aihe\" class=\"elementor-field-label\">\n\t\t\t\t\t\t\t\tMessage subject\t\t\t\t\t\t\t<\/label>\n\t\t\t\t\t\t\t\t<div class=\"elementor-field elementor-select-wrapper remove-before \">\n\t\t\t<div class=\"select-caret-down-wrapper\">\n\t\t\t\t<i aria-hidden=\"true\" class=\"eicon-caret-down\"><\/i>\t\t\t<\/div>\n\t\t\t<select name=\"form_fields[aihe]\" id=\"form-field-aihe\" class=\"elementor-field-textual elementor-size-sm\" required=\"required\" aria-required=\"true\">\n\t\t\t\t\t\t\t\t\t<option value=\"Offer request\">Offer request<\/option>\n\t\t\t\t\t\t\t\t\t<option value=\"Contact request\">Contact request<\/option>\n\t\t\t\t\t\t\t\t\t<option value=\"Open application\">Open application<\/option>\n\t\t\t\t\t\t\t<\/select>\n\t\t<\/div>\n\t\t\t\t\t\t<\/div>\n\t\t\t\t\t\t\t\t<div class=\"elementor-field-type-text elementor-field-group elementor-column elementor-field-group-field_549f82a elementor-col-100 elementor-field-required elementor-mark-required\">\n\t\t\t\t\t\t\t\t\t\t\t\t<label for=\"form-field-field_549f82a\" class=\"elementor-field-label\">\n\t\t\t\t\t\t\t\tName\t\t\t\t\t\t\t<\/label>\n\t\t\t\t\t\t\t\t\t\t\t\t\t\t<input size=\"1\" type=\"text\" name=\"form_fields[field_549f82a]\" id=\"form-field-field_549f82a\" class=\"elementor-field elementor-size-sm  elementor-field-textual\" placeholder=\"Your name\" required=\"required\" aria-required=\"true\">\n\t\t\t\t\t\t\t\t\t\t\t<\/div>\n\t\t\t\t\t\t\t\t<div class=\"elementor-field-type-tel elementor-field-group elementor-column elementor-field-group-field_4fc75bc elementor-col-100 elementor-field-required elementor-mark-required\">\n\t\t\t\t\t\t\t\t\t\t\t\t<label for=\"form-field-field_4fc75bc\" class=\"elementor-field-label\">\n\t\t\t\t\t\t\t\tPhone\t\t\t\t\t\t\t<\/label>\n\t\t\t\t\t\t\t\t<input size=\"1\" type=\"tel\" name=\"form_fields[field_4fc75bc]\" id=\"form-field-field_4fc75bc\" class=\"elementor-field elementor-size-sm  elementor-field-textual\" placeholder=\"Your number\" required=\"required\" aria-required=\"true\" pattern=\"[0-9()#&amp;+*-=.]+\" title=\"Only numbers and phone characters (#, -, *, etc) are accepted.\">\n\n\t\t\t\t\t\t<\/div>\n\t\t\t\t\t\t\t\t<div class=\"elementor-field-type-email elementor-field-group elementor-column elementor-field-group-email elementor-col-100 elementor-field-required elementor-mark-required\">\n\t\t\t\t\t\t\t\t\t\t\t\t<label for=\"form-field-email\" class=\"elementor-field-label\">\n\t\t\t\t\t\t\t\tEmail\t\t\t\t\t\t\t<\/label>\n\t\t\t\t\t\t\t\t\t\t\t\t\t\t<input size=\"1\" type=\"email\" name=\"form_fields[email]\" id=\"form-field-email\" class=\"elementor-field elementor-size-sm  elementor-field-textual\" placeholder=\"Email\" required=\"required\" aria-required=\"true\">\n\t\t\t\t\t\t\t\t\t\t\t<\/div>\n\t\t\t\t\t\t\t\t<div class=\"elementor-field-type-textarea elementor-field-group elementor-column elementor-field-group-message elementor-col-100 elementor-field-required elementor-mark-required\">\n\t\t\t\t\t\t\t\t\t\t\t\t<label for=\"form-field-message\" class=\"elementor-field-label\">\n\t\t\t\t\t\t\t\tMessage\t\t\t\t\t\t\t<\/label>\n\t\t\t\t\t\t<textarea class=\"elementor-field-textual elementor-field  elementor-size-sm\" name=\"form_fields[message]\" id=\"form-field-message\" rows=\"4\" placeholder=\"Message\" required=\"required\" aria-required=\"true\"><\/textarea>\t\t\t\t<\/div>\n\t\t\t\t\t\t\t\t<div class=\"elementor-field-group elementor-column elementor-field-type-submit elementor-col-100 e-form__buttons\">\n\t\t\t\t\t<button class=\"elementor-button elementor-size-sm\" type=\"submit\">\n\t\t\t\t\t\t<span class=\"elementor-button-content-wrapper\">\n\t\t\t\t\t\t\t\t\t\t\t\t\t\t\t\t\t\t\t\t\t\t<span class=\"elementor-button-text\">Submit<\/span>\n\t\t\t\t\t\t\t\t\t\t\t\t\t<\/span>\n\t\t\t\t\t<\/button>\n\t\t\t\t<\/div>\n\t\t\t<\/div>\n\t\t<\/form>\n\t\t\t\t\t\t<\/div>\n\t\t\t\t<\/div>\n\t\t\t\t\t<\/div>\n\t\t<\/div>\n\t\t\t\t\t<\/div>\n\t\t<\/section>\n\t\t\t\t\t<\/div>\n\t\t<\/div>\n\t\t\t\t\t<\/div>\n\t\t<\/section>\n\t\t\t\t<section class=\"elementor-section elementor-top-section elementor-element elementor-element-197d7a22 elementor-section-boxed elementor-section-height-default elementor-section-height-default\" data-id=\"197d7a22\" data-element_type=\"section\" data-e-type=\"section\" data-settings=\"{&quot;background_background&quot;:&quot;classic&quot;}\">\n\t\t\t\t\t\t<div class=\"elementor-container elementor-column-gap-default\">\n\t\t\t\t\t<div class=\"elementor-column elementor-col-100 elementor-top-column elementor-element elementor-element-16166c20\" data-id=\"16166c20\" data-element_type=\"column\" data-e-type=\"column\">\n\t\t\t<div class=\"elementor-widget-wrap elementor-element-populated\">\n\t\t\t\t\t\t<div class=\"elementor-element elementor-element-1df10fb9 elementor-widget elementor-widget-heading\" data-id=\"1df10fb9\" data-element_type=\"widget\" data-e-type=\"widget\" data-widget_type=\"heading.default\">\n\t\t\t\t<div class=\"elementor-widget-container\">\n\t\t\t\t\t<h2 class=\"elementor-heading-title elementor-size-default\">MORE INFORMATION<\/h2>\t\t\t\t<\/div>\n\t\t\t\t<\/div>\n\t\t\t\t<div class=\"elementor-element elementor-element-f42a36c elementor-widget elementor-widget-text-editor\" data-id=\"f42a36c\" data-element_type=\"widget\" data-e-type=\"widget\" data-widget_type=\"text-editor.default\">\n\t\t\t\t<div class=\"elementor-widget-container\">\n\t\t\t\t\t\t\t\t\t<p>We help to solve problems<\/p>\t\t\t\t\t\t\t\t<\/div>\n\t\t\t\t<\/div>\n\t\t\t\t<div class=\"elementor-element elementor-element-4e00b309 elementor-align-center elementor-widget elementor-widget-button\" data-id=\"4e00b309\" data-element_type=\"widget\" data-e-type=\"widget\" data-widget_type=\"button.default\">\n\t\t\t\t<div class=\"elementor-widget-container\">\n\t\t\t\t\t\t\t\t\t<div class=\"elementor-button-wrapper\">\n\t\t\t\t\t<a class=\"elementor-button elementor-button-link elementor-size-sm\" href=\"https:\/\/zenner.fi\/en\/contact\/\">\n\t\t\t\t\t\t<span class=\"elementor-button-content-wrapper\">\n\t\t\t\t\t\t<span class=\"elementor-button-icon\">\n\t\t\t\t<i aria-hidden=\"true\" class=\"far fa-address-card\"><\/i>\t\t\t<\/span>\n\t\t\t\t\t\t\t\t\t<span class=\"elementor-button-text\">contact details<\/span>\n\t\t\t\t\t<\/span>\n\t\t\t\t\t<\/a>\n\t\t\t\t<\/div>\n\t\t\t\t\t\t\t\t<\/div>\n\t\t\t\t<\/div>\n\t\t\t\t\t<\/div>\n\t\t<\/div>\n\t\t\t\t\t<\/div>\n\t\t<\/section>\n\t\t\t\t<\/div>\n\t\t","protected":false},"excerpt":{"rendered":"<p>Contact us Facebook Linkedin Get in touch MORE INFORMATION We help to solve problems contact details<\/p>\n","protected":false},"author":2,"featured_media":2077,"parent":0,"menu_order":0,"comment_status":"closed","ping_status":"closed","template":"","meta":{"_acf_changed":false,"site-sidebar-layout":"no-sidebar","site-content-layout":"page-builder","ast-site-content-layout":"","site-content-style":"default","site-sidebar-style":"default","ast-global-header-display":"","ast-banner-title-visibility":"","ast-main-header-display":"","ast-hfb-above-header-display":"","ast-hfb-below-header-display":"","ast-hfb-mobile-header-display":"","site-post-title":"disabled","ast-breadcrumbs-content":"","ast-featured-img":"disabled","footer-sml-layout":"","theme-transparent-header-meta":"default","adv-header-id-meta":"","stick-header-meta":"","header-above-stick-meta":"","header-main-stick-meta":"","header-below-stick-meta":"","astra-migrate-meta-layouts":"default","ast-page-background-enabled":"default","ast-page-background-meta":{"desktop":{"background-color":"var(--ast-global-color-4)","background-image":"","background-repeat":"repeat","background-position":"center center","background-size":"auto","background-attachment":"scroll","background-type":"","background-media":"","overlay-type":"","overlay-color":"","overlay-opacity":"","overlay-gradient":""},"tablet":{"background-color":"","background-image":"","background-repeat":"repeat","background-position":"center center","background-size":"auto","background-attachment":"scroll","background-type":"","background-media":"","overlay-type":"","overlay-color":"","overlay-opacity":"","overlay-gradient":""},"mobile":{"background-color":"","background-image":"","background-repeat":"repeat","background-position":"center center","background-size":"auto","background-attachment":"scroll","background-type":"","background-media":"","overlay-type":"","overlay-color":"","overlay-opacity":"","overlay-gradient":""}},"ast-content-background-meta":{"desktop":{"background-color":"var(--ast-global-color-5)","background-image":"","background-repeat":"repeat","background-position":"center center","background-size":"auto","background-attachment":"scroll","background-type":"","background-media":"","overlay-type":"","overlay-color":"","overlay-opacity":"","overlay-gradient":""},"tablet":{"background-color":"var(--ast-global-color-5)","background-image":"","background-repeat":"repeat","background-position":"center center","background-size":"auto","background-attachment":"scroll","background-type":"","background-media":"","overlay-type":"","overlay-color":"","overlay-opacity":"","overlay-gradient":""},"mobile":{"background-color":"var(--ast-global-color-5)","background-image":"","background-repeat":"repeat","background-position":"center center","background-size":"auto","background-attachment":"scroll","background-type":"","background-media":"","overlay-type":"","overlay-color":"","overlay-opacity":"","overlay-gradient":""}},"footnotes":""},"class_list":["post-2504","page","type-page","status-publish","has-post-thumbnail","hentry"],"acf":[],"yoast_head":"<!-- This site is optimized with the Yoast SEO plugin v27.4 - https:\/\/yoast.com\/product\/yoast-seo-wordpress\/ -->\n<title>Get in touch - Insin\u00f6\u00f6ritoimisto W. Zenner Oy<\/title>\n<meta name=\"robots\" content=\"index, follow, max-snippet:-1, max-image-preview:large, max-video-preview:-1\" \/>\n<link rel=\"canonical\" href=\"https:\/\/zenner.fi\/en\/contact-us\/\" \/>\n<meta property=\"og:locale\" content=\"en_US\" \/>\n<meta property=\"og:type\" content=\"article\" \/>\n<meta property=\"og:title\" content=\"Get in touch - Insin\u00f6\u00f6ritoimisto W. Zenner Oy\" \/>\n<meta property=\"og:description\" content=\"Contact us Facebook Linkedin Get in touch MORE INFORMATION We help to solve problems contact details\" \/>\n<meta property=\"og:url\" content=\"https:\/\/zenner.fi\/en\/contact-us\/\" \/>\n<meta property=\"og:site_name\" content=\"Insin\u00f6\u00f6ritoimisto W. Zenner Oy\" \/>\n<meta property=\"article:modified_time\" content=\"2024-03-12T11:14:34+00:00\" \/>\n<meta property=\"og:image\" content=\"https:\/\/zenner.fi\/wp-content\/uploads\/sites\/3\/2018\/04\/uutiset.jpg\" \/>\n\t<meta property=\"og:image:width\" content=\"1700\" \/>\n\t<meta property=\"og:image:height\" content=\"864\" \/>\n\t<meta property=\"og:image:type\" content=\"image\/jpeg\" \/>\n<meta name=\"twitter:card\" content=\"summary_large_image\" \/>\n<meta name=\"twitter:label1\" content=\"Est. reading time\" \/>\n\t<meta name=\"twitter:data1\" content=\"1 minute\" \/>\n<script type=\"application\/ld+json\" class=\"yoast-schema-graph\">{\"@context\":\"https:\\\/\\\/schema.org\",\"@graph\":[{\"@type\":\"WebPage\",\"@id\":\"https:\\\/\\\/zenner.fi\\\/en\\\/contact-us\\\/\",\"url\":\"https:\\\/\\\/zenner.fi\\\/en\\\/contact-us\\\/\",\"name\":\"Get in touch - Insin\u00f6\u00f6ritoimisto W. Zenner Oy\",\"isPartOf\":{\"@id\":\"https:\\\/\\\/zenner.fi\\\/#website\"},\"primaryImageOfPage\":{\"@id\":\"https:\\\/\\\/zenner.fi\\\/en\\\/contact-us\\\/#primaryimage\"},\"image\":{\"@id\":\"https:\\\/\\\/zenner.fi\\\/en\\\/contact-us\\\/#primaryimage\"},\"thumbnailUrl\":\"https:\\\/\\\/zenner.fi\\\/wp-content\\\/uploads\\\/sites\\\/3\\\/2018\\\/04\\\/uutiset.jpg\",\"datePublished\":\"2022-04-25T12:29:17+00:00\",\"dateModified\":\"2024-03-12T11:14:34+00:00\",\"breadcrumb\":{\"@id\":\"https:\\\/\\\/zenner.fi\\\/en\\\/contact-us\\\/#breadcrumb\"},\"inLanguage\":\"en-US\",\"potentialAction\":[{\"@type\":\"ReadAction\",\"target\":[\"https:\\\/\\\/zenner.fi\\\/en\\\/contact-us\\\/\"]}]},{\"@type\":\"ImageObject\",\"inLanguage\":\"en-US\",\"@id\":\"https:\\\/\\\/zenner.fi\\\/en\\\/contact-us\\\/#primaryimage\",\"url\":\"https:\\\/\\\/zenner.fi\\\/wp-content\\\/uploads\\\/sites\\\/3\\\/2018\\\/04\\\/uutiset.jpg\",\"contentUrl\":\"https:\\\/\\\/zenner.fi\\\/wp-content\\\/uploads\\\/sites\\\/3\\\/2018\\\/04\\\/uutiset.jpg\",\"width\":\"1700\",\"height\":\"864\"},{\"@type\":\"BreadcrumbList\",\"@id\":\"https:\\\/\\\/zenner.fi\\\/en\\\/contact-us\\\/#breadcrumb\",\"itemListElement\":[{\"@type\":\"ListItem\",\"position\":1,\"name\":\"Home\",\"item\":\"https:\\\/\\\/zenner.fi\\\/en\\\/\"},{\"@type\":\"ListItem\",\"position\":2,\"name\":\"Get in touch\"}]},{\"@type\":\"WebSite\",\"@id\":\"https:\\\/\\\/zenner.fi\\\/#website\",\"url\":\"https:\\\/\\\/zenner.fi\\\/\",\"name\":\"Insin\u00f6\u00f6ritoimisto W. Zenner Oy\",\"description\":\"LVI-suunnittelu - akustinen suunnittelu - LVI-laboratorio - \u00c4\u00e4nilaboratorio\",\"publisher\":{\"@id\":\"https:\\\/\\\/zenner.fi\\\/#organization\"},\"potentialAction\":[{\"@type\":\"SearchAction\",\"target\":{\"@type\":\"EntryPoint\",\"urlTemplate\":\"https:\\\/\\\/zenner.fi\\\/?s={search_term_string}\"},\"query-input\":{\"@type\":\"PropertyValueSpecification\",\"valueRequired\":true,\"valueName\":\"search_term_string\"}}],\"inLanguage\":\"en-US\"},{\"@type\":\"Organization\",\"@id\":\"https:\\\/\\\/zenner.fi\\\/#organization\",\"name\":\"Insin\u00f6\u00f6ritoimisto W. Zenner Oy\",\"url\":\"https:\\\/\\\/zenner.fi\\\/\",\"logo\":{\"@type\":\"ImageObject\",\"inLanguage\":\"en-US\",\"@id\":\"https:\\\/\\\/zenner.fi\\\/#\\\/schema\\\/logo\\\/image\\\/\",\"url\":\"https:\\\/\\\/zenner.fi\\\/wp-content\\\/uploads\\\/sites\\\/3\\\/2023\\\/07\\\/Zenner-We-are-Solwers-logo.png\",\"contentUrl\":\"https:\\\/\\\/zenner.fi\\\/wp-content\\\/uploads\\\/sites\\\/3\\\/2023\\\/07\\\/Zenner-We-are-Solwers-logo.png\",\"width\":1268,\"height\":165,\"caption\":\"Insin\u00f6\u00f6ritoimisto W. Zenner Oy\"},\"image\":{\"@id\":\"https:\\\/\\\/zenner.fi\\\/#\\\/schema\\\/logo\\\/image\\\/\"}}]}<\/script>\n<!-- \/ Yoast SEO plugin. -->","yoast_head_json":{"title":"Get in touch - Insin\u00f6\u00f6ritoimisto W. Zenner Oy","robots":{"index":"index","follow":"follow","max-snippet":"max-snippet:-1","max-image-preview":"max-image-preview:large","max-video-preview":"max-video-preview:-1"},"canonical":"https:\/\/zenner.fi\/en\/contact-us\/","og_locale":"en_US","og_type":"article","og_title":"Get in touch - Insin\u00f6\u00f6ritoimisto W. Zenner Oy","og_description":"Contact us Facebook Linkedin Get in touch MORE INFORMATION We help to solve problems contact details","og_url":"https:\/\/zenner.fi\/en\/contact-us\/","og_site_name":"Insin\u00f6\u00f6ritoimisto W. Zenner Oy","article_modified_time":"2024-03-12T11:14:34+00:00","og_image":[{"width":1700,"height":864,"url":"https:\/\/zenner.fi\/wp-content\/uploads\/sites\/3\/2018\/04\/uutiset.jpg","type":"image\/jpeg"}],"twitter_card":"summary_large_image","twitter_misc":{"Est. reading time":"1 minute"},"schema":{"@context":"https:\/\/schema.org","@graph":[{"@type":"WebPage","@id":"https:\/\/zenner.fi\/en\/contact-us\/","url":"https:\/\/zenner.fi\/en\/contact-us\/","name":"Get in touch - Insin\u00f6\u00f6ritoimisto W. Zenner Oy","isPartOf":{"@id":"https:\/\/zenner.fi\/#website"},"primaryImageOfPage":{"@id":"https:\/\/zenner.fi\/en\/contact-us\/#primaryimage"},"image":{"@id":"https:\/\/zenner.fi\/en\/contact-us\/#primaryimage"},"thumbnailUrl":"https:\/\/zenner.fi\/wp-content\/uploads\/sites\/3\/2018\/04\/uutiset.jpg","datePublished":"2022-04-25T12:29:17+00:00","dateModified":"2024-03-12T11:14:34+00:00","breadcrumb":{"@id":"https:\/\/zenner.fi\/en\/contact-us\/#breadcrumb"},"inLanguage":"en-US","potentialAction":[{"@type":"ReadAction","target":["https:\/\/zenner.fi\/en\/contact-us\/"]}]},{"@type":"ImageObject","inLanguage":"en-US","@id":"https:\/\/zenner.fi\/en\/contact-us\/#primaryimage","url":"https:\/\/zenner.fi\/wp-content\/uploads\/sites\/3\/2018\/04\/uutiset.jpg","contentUrl":"https:\/\/zenner.fi\/wp-content\/uploads\/sites\/3\/2018\/04\/uutiset.jpg","width":"1700","height":"864"},{"@type":"BreadcrumbList","@id":"https:\/\/zenner.fi\/en\/contact-us\/#breadcrumb","itemListElement":[{"@type":"ListItem","position":1,"name":"Home","item":"https:\/\/zenner.fi\/en\/"},{"@type":"ListItem","position":2,"name":"Get in touch"}]},{"@type":"WebSite","@id":"https:\/\/zenner.fi\/#website","url":"https:\/\/zenner.fi\/","name":"Insin\u00f6\u00f6ritoimisto W. Zenner Oy","description":"LVI-suunnittelu - akustinen suunnittelu - LVI-laboratorio - \u00c4\u00e4nilaboratorio","publisher":{"@id":"https:\/\/zenner.fi\/#organization"},"potentialAction":[{"@type":"SearchAction","target":{"@type":"EntryPoint","urlTemplate":"https:\/\/zenner.fi\/?s={search_term_string}"},"query-input":{"@type":"PropertyValueSpecification","valueRequired":true,"valueName":"search_term_string"}}],"inLanguage":"en-US"},{"@type":"Organization","@id":"https:\/\/zenner.fi\/#organization","name":"Insin\u00f6\u00f6ritoimisto W. Zenner Oy","url":"https:\/\/zenner.fi\/","logo":{"@type":"ImageObject","inLanguage":"en-US","@id":"https:\/\/zenner.fi\/#\/schema\/logo\/image\/","url":"https:\/\/zenner.fi\/wp-content\/uploads\/sites\/3\/2023\/07\/Zenner-We-are-Solwers-logo.png","contentUrl":"https:\/\/zenner.fi\/wp-content\/uploads\/sites\/3\/2023\/07\/Zenner-We-are-Solwers-logo.png","width":1268,"height":165,"caption":"Insin\u00f6\u00f6ritoimisto W. Zenner Oy"},"image":{"@id":"https:\/\/zenner.fi\/#\/schema\/logo\/image\/"}}]}},"_links":{"self":[{"href":"https:\/\/zenner.fi\/en\/wp-json\/wp\/v2\/pages\/2504","targetHints":{"allow":["GET"]}}],"collection":[{"href":"https:\/\/zenner.fi\/en\/wp-json\/wp\/v2\/pages"}],"about":[{"href":"https:\/\/zenner.fi\/en\/wp-json\/wp\/v2\/types\/page"}],"author":[{"embeddable":true,"href":"https:\/\/zenner.fi\/en\/wp-json\/wp\/v2\/users\/2"}],"replies":[{"embeddable":true,"href":"https:\/\/zenner.fi\/en\/wp-json\/wp\/v2\/comments?post=2504"}],"version-history":[{"count":10,"href":"https:\/\/zenner.fi\/en\/wp-json\/wp\/v2\/pages\/2504\/revisions"}],"predecessor-version":[{"id":3597,"href":"https:\/\/zenner.fi\/en\/wp-json\/wp\/v2\/pages\/2504\/revisions\/3597"}],"wp:featuredmedia":[{"embeddable":true,"href":"https:\/\/zenner.fi\/en\/wp-json\/wp\/v2\/media\/2077"}],"wp:attachment":[{"href":"https:\/\/zenner.fi\/en\/wp-json\/wp\/v2\/media?parent=2504"}],"curies":[{"name":"wp","href":"https:\/\/api.w.org\/{rel}","templated":true}]}}